{"id":31,"date":"2013-08-22T14:56:12","date_gmt":"2013-08-22T12:56:12","guid":{"rendered":"http:\/\/www.wp11222496.server-he.de\/?page_id=31"},"modified":"2015-08-13T09:42:14","modified_gmt":"2015-08-13T08:42:14","slug":"veranstaltungen","status":"publish","type":"page","link":"https:\/\/www.rswv.de\/?page_id=31","title":{"rendered":"Veranstaltungen"},"content":{"rendered":"<p>J\u00e4hrlich f\u00fchrt die rechts- und staatswissenschaftliche Vereinigung in der Regel vier bis f\u00fcnf Veranstaltungen \u2013 zum Teil in Kooperation mit anderen Organisationen \u2013 durch.<\/p>\n<ul>\n<li><a title=\"Aktuelle Ank\u00fcndigungen\" href=\"http:\/\/www.rswv.de\/?page_id=83\">Aktuelle Ank\u00fcndigungen<\/a><\/li>\n<li><a title=\"Archiv\" href=\"http:\/\/www.rswv.de\/?page_id=103\">Archiv der durchgef\u00fchrten Veranstaltungen<\/a><\/li>\n<\/ul>\n","protected":false},"excerpt":{"rendered":"<p>J\u00e4hrlich f\u00fchrt die rechts- und staatswissenschaftliche Vereinigung in der Regel vier bis f\u00fcnf Veranstaltungen \u2013 zum Teil in Kooperation mit anderen Organisationen \u2013 durch. Aktuelle Ank\u00fcndigungen Archiv der durchgef\u00fchrten Veranstaltungen<\/p>\n","protected":false},"author":1,"featured_media":0,"parent":0,"menu_order":0,"comment_status":"closed","ping_status":"open","template":"","meta":{"footnotes":""},"class_list":["post-31","page","type-page","status-publish","hentry"],"_links":{"self":[{"href":"https:\/\/www.rswv.de\/index.php?rest_route=\/wp\/v2\/pages\/31","targetHints":{"allow":["GET"]}}],"collection":[{"href":"https:\/\/www.rswv.de\/index.php?rest_route=\/wp\/v2\/pages"}],"about":[{"href":"https:\/\/www.rswv.de\/index.php?rest_route=\/wp\/v2\/types\/page"}],"author":[{"embeddable":true,"href":"https:\/\/www.rswv.de\/index.php?rest_route=\/wp\/v2\/users\/1"}],"replies":[{"embeddable":true,"href":"https:\/\/www.rswv.de\/index.php?rest_route=%2Fwp%2Fv2%2Fcomments&post=31"}],"version-history":[{"count":17,"href":"https:\/\/www.rswv.de\/index.php?rest_route=\/wp\/v2\/pages\/31\/revisions"}],"predecessor-version":[{"id":312,"href":"https:\/\/www.rswv.de\/index.php?rest_route=\/wp\/v2\/pages\/31\/revisions\/312"}],"wp:attachment":[{"href":"https:\/\/www.rswv.de\/index.php?rest_route=%2Fwp%2Fv2%2Fmedia&parent=31"}],"curies":[{"name":"wp","href":"https:\/\/api.w.org\/{rel}","templated":true}]}}