{"id":24,"date":"2013-08-22T13:38:25","date_gmt":"2013-08-22T11:38:25","guid":{"rendered":"http:\/\/www.wp11222496.server-he.de\/?page_id=24"},"modified":"2015-01-06T14:43:29","modified_gmt":"2015-01-06T13:43:29","slug":"ziele","status":"publish","type":"page","link":"https:\/\/www.rswv.de\/?page_id=24","title":{"rendered":"Ziele"},"content":{"rendered":"<p>Die Rechts- und Staatswissenschaftliche Vereinigung verfolgt als gemeinn\u00fctziger Verein die F\u00f6rderung der Berufsbildung. Der Satzungszweck wird verwirklicht durch die Durchf\u00fchrung wissenschaftlicher Veranstaltungen, Begleitung von Forschungsvorhaben und Herausgabe von Publikationen. Mitglieder sind Juristen und Wirtschaftswissenschaftler aus allen Berufsfeldern in Wirtschaft, Wissenschaft, Verwaltung, Politik und Rechtspflege.<\/p>\n<p>Der Verein ist kein Berufsverband.<\/p>\n","protected":false},"excerpt":{"rendered":"<p>Die Rechts- und Staatswissenschaftliche Vereinigung verfolgt als gemeinn\u00fctziger Verein die F\u00f6rderung der Berufsbildung. Der Satzungszweck wird verwirklicht durch die Durchf\u00fchrung wissenschaftlicher Veranstaltungen, Begleitung von Forschungsvorhaben und Herausgabe von Publikationen. Mitglieder sind Juristen und Wirtschaftswissenschaftler aus allen Berufsfeldern in Wirtschaft, Wissenschaft, &hellip; <a href=\"https:\/\/www.rswv.de\/?page_id=24\">Weiterlesen <span class=\"meta-nav\">&rarr;<\/span><\/a><\/p>\n","protected":false},"author":1,"featured_media":0,"parent":0,"menu_order":0,"comment_status":"closed","ping_status":"open","template":"","meta":{"footnotes":""},"class_list":["post-24","page","type-page","status-publish","hentry"],"_links":{"self":[{"href":"https:\/\/www.rswv.de\/index.php?rest_route=\/wp\/v2\/pages\/24","targetHints":{"allow":["GET"]}}],"collection":[{"href":"https:\/\/www.rswv.de\/index.php?rest_route=\/wp\/v2\/pages"}],"about":[{"href":"https:\/\/www.rswv.de\/index.php?rest_route=\/wp\/v2\/types\/page"}],"author":[{"embeddable":true,"href":"https:\/\/www.rswv.de\/index.php?rest_route=\/wp\/v2\/users\/1"}],"replies":[{"embeddable":true,"href":"https:\/\/www.rswv.de\/index.php?rest_route=%2Fwp%2Fv2%2Fcomments&post=24"}],"version-history":[{"count":7,"href":"https:\/\/www.rswv.de\/index.php?rest_route=\/wp\/v2\/pages\/24\/revisions"}],"predecessor-version":[{"id":276,"href":"https:\/\/www.rswv.de\/index.php?rest_route=\/wp\/v2\/pages\/24\/revisions\/276"}],"wp:attachment":[{"href":"https:\/\/www.rswv.de\/index.php?rest_route=%2Fwp%2Fv2%2Fmedia&parent=24"}],"curies":[{"name":"wp","href":"https:\/\/api.w.org\/{rel}","templated":true}]}}