{"id":22,"date":"2013-08-22T13:33:59","date_gmt":"2013-08-22T11:33:59","guid":{"rendered":"http:\/\/www.wp11222496.server-he.de\/?page_id=22"},"modified":"2019-09-25T14:46:20","modified_gmt":"2019-09-25T13:46:20","slug":"herzliche-willkommen","status":"publish","type":"page","link":"https:\/\/www.rswv.de\/","title":{"rendered":"Herzlich willkommen bei der Rechts- und Staatswissenschaftlichen Vereinigung"},"content":{"rendered":"<h5><a href=\"http:\/\/www.rswv.de\/wp-content\/uploads\/2019\/09\/Foto-Dr.-Richter.jpg\"><img loading=\"lazy\" decoding=\"async\" class=\"alignnone  wp-image-377\" src=\"http:\/\/www.rswv.de\/wp-content\/uploads\/2019\/09\/Foto-Dr.-Richter-204x300.jpg\" alt=\"Dr.Werner Richter\" width=\"150\" height=\"221\" srcset=\"https:\/\/www.rswv.de\/wp-content\/uploads\/2019\/09\/Foto-Dr.-Richter-204x300.jpg 204w, https:\/\/www.rswv.de\/wp-content\/uploads\/2019\/09\/Foto-Dr.-Richter.jpg 215w\" sizes=\"auto, (max-width: 150px) 100vw, 150px\" \/><\/a><br \/>\nDr. Werner Richter, Vorsitzender<\/h5>\n<p>Herzlich willkommen bei der Rechts-und Staatswissenschaftlichen Vereinigung.<\/p>\n<p>In der Landeshauptstadt D\u00fcsseldorf haben zahlreiche Gerichte, Beh\u00f6rden, wissenschaftliche Einrichtungen wie die Heinrich-Heine-Universit\u00e4t, national und international t\u00e4tige Rechtsanwaltskanzleien und Firmenzentralen ihren Sitz. Am Rechtsstandort D\u00fcsseldorf bietet die Rechts- und Staatswissenschaftliche Vereinigung eine Plattform zum Dialog zwischen Wissenschaft, Justiz, Verwaltung und Wirtschaft. Wir laden Sie ein, an diesem Meinungsaustausch mit ihrer Mitgliedschaft oder als Besucher unserer Veranstaltungen teilzunehmen.<\/p>\n","protected":false},"excerpt":{"rendered":"<p>Dr. Werner Richter, Vorsitzender Herzlich willkommen bei der Rechts-und Staatswissenschaftlichen Vereinigung. In der Landeshauptstadt D\u00fcsseldorf haben zahlreiche Gerichte, Beh\u00f6rden, wissenschaftliche Einrichtungen wie die Heinrich-Heine-Universit\u00e4t, national und international t\u00e4tige Rechtsanwaltskanzleien und Firmenzentralen ihren Sitz. Am Rechtsstandort D\u00fcsseldorf bietet die Rechts- und &hellip; <a href=\"https:\/\/www.rswv.de\/\">Weiterlesen <span class=\"meta-nav\">&rarr;<\/span><\/a><\/p>\n","protected":false},"author":1,"featured_media":0,"parent":0,"menu_order":0,"comment_status":"closed","ping_status":"open","template":"","meta":{"footnotes":""},"class_list":["post-22","page","type-page","status-publish","hentry"],"_links":{"self":[{"href":"https:\/\/www.rswv.de\/index.php?rest_route=\/wp\/v2\/pages\/22","targetHints":{"allow":["GET"]}}],"collection":[{"href":"https:\/\/www.rswv.de\/index.php?rest_route=\/wp\/v2\/pages"}],"about":[{"href":"https:\/\/www.rswv.de\/index.php?rest_route=\/wp\/v2\/types\/page"}],"author":[{"embeddable":true,"href":"https:\/\/www.rswv.de\/index.php?rest_route=\/wp\/v2\/users\/1"}],"replies":[{"embeddable":true,"href":"https:\/\/www.rswv.de\/index.php?rest_route=%2Fwp%2Fv2%2Fcomments&post=22"}],"version-history":[{"count":31,"href":"https:\/\/www.rswv.de\/index.php?rest_route=\/wp\/v2\/pages\/22\/revisions"}],"predecessor-version":[{"id":379,"href":"https:\/\/www.rswv.de\/index.php?rest_route=\/wp\/v2\/pages\/22\/revisions\/379"}],"wp:attachment":[{"href":"https:\/\/www.rswv.de\/index.php?rest_route=%2Fwp%2Fv2%2Fmedia&parent=22"}],"curies":[{"name":"wp","href":"https:\/\/api.w.org\/{rel}","templated":true}]}}