{"id":16,"date":"2013-08-22T13:28:24","date_gmt":"2013-08-22T11:28:24","guid":{"rendered":"http:\/\/www.wp11222496.server-he.de\/?page_id=16"},"modified":"2023-08-02T15:20:21","modified_gmt":"2023-08-02T14:20:21","slug":"impressum","status":"publish","type":"page","link":"https:\/\/www.rswv.de\/?page_id=16","title":{"rendered":"Impressum"},"content":{"rendered":"<p><strong>Rechts- und Staatswissenschaftliche Vereinigung e. V.<\/strong><br \/>\nOberlandesgericht D\u00fcsseldorf<br \/>\nCecilienallee 3<br \/>\n40474 D\u00fcsseldorf<br \/>\nTelefon: 0211 4971-322<br \/>\nFax: 0211 4971-558<br \/>\nE-Mail: <a title=\"Mail an die RSWV\" href=\"mailto:rswv@olg-duesseldorf.nrw.de\" target=\"_blank\" rel=\"noopener\">rswv@olg-duesseldorf.nrw.de<\/a><br \/>\nInternet: <a title=\"Herzlich willkommen bei der Rechts- und Staatswissenschaftlichen Vereinigung\" href=\"http:\/\/www.rswv.de\/\">www.rswv.de<\/a><\/p>\n<p>Der Verein mit Sitz in D\u00fcsseldorf und ist eingetragen beim Vereinsregister des AG D\u00fcsseldorf unter VR 3264.<\/p>\n<p>Verantwortlich f\u00fcr den Inhalt i.S.d.P.:<br \/>\nDr. Werner Richter<\/p>\n<p>Layout sowie Realisierung:<br \/>\nMarcus Eckstein &#8211; <a title=\"SBS Eckstein\" href=\"http:\/\/www.sbs-eckstein.de\" target=\"_blank\" rel=\"noopener\">SBS Eckstein<\/a><\/p>\n<p><strong>Haftungshinweis:<\/strong><\/p>\n<p>Trotz sorgf\u00e4ltiger inhaltlicher Kontrolle \u00fcbernehmen wir keine Haftung f\u00fcr die Inhalte externer Links. F\u00fcr den Inhalt der verlinkten Seiten sind ausschlie\u00dflich deren Betreiber verantwortlich.<\/p>\n<p>Bei fehlerhaften Eintr\u00e4gen bitten wir, uns eine kurze Nachricht zukommen zu lassen.<br \/>\nGew\u00e4hrleistungsanspr\u00fcche hieraus k\u00f6nnen uns gegen\u00fcber nicht geltend gemacht werden.<\/p>\n<p>Es gelten das Telekommunikationsgesetz (TDK) sowie das Teledienstgesetz (TDG).<\/p>\n<p><strong>Datenschutzerkl\u00e4rung:<\/strong><\/p>\n<p><a title=\"Herzlich willkommen bei der Rechts- und Staatswissenschaftlichen Vereinigung\" href=\"http:\/\/www.rswv.de\/\">www.rswv.de<\/a> ist ein Angebot der Rechts- und Staatswissenschaftliche Vereinigung e. V.<\/p>\n<p>Die Rechts- und Staatswissenschaftliche Vereinigung e. V. nimmt den Datenschutz ernst. Die Erhebung Ihrer Daten erfolgt im Rahmen der gesetzlichen Vorschriften. \u00dcber diese k\u00f6nnen Sie sich unter <a title=\"www.datenschutz.de\" href=\"http:\/\/www.datenschutz.de\" target=\"_blank\" rel=\"noopener\">www.datenschutz.de<\/a> umfassend informieren.<\/p>\n<ol>\n<li style=\"list-style-type: none;\">\n<ol>\n<li>Grunds\u00e4tzlich gilt:<br \/>\nBei jedem Zugriff eines Nutzers auf eine Seite des RSWV und bei jedem Abruf einer Datei werden \u00fcber diesen Vorgang Daten in einer Protokolldatei gespeichert. Die Speicherung dient ausschlie\u00dflich internen systembezogenen und statistischen Zwecken.<br \/>\nIm Einzelnen wird \u00fcber jeden Abruf folgender Datensatz gespeichert:<\/p>\n<ul>\n<li>Name der abgerufenen Datei<\/li>\n<li>Datum und Uhrzeit des Abrufs<\/li>\n<li>\u00fcbertragene Datenmenge<\/li>\n<li>Meldung, ob der Abruf erfolgreich war<\/li>\n<li>Beschreibung des Typs des verwendeten Webbrowsers<\/li>\n<li>anfragende IP-Adresse<\/li>\n<\/ul>\n<\/li>\n<\/ol>\n<\/li>\n<\/ol>\n<p>Eine L\u00f6schung dieser Statistik-Rohdaten erfolgt nach 90 Tagen.<\/p>\n<ol>\n<li>Die im Rahmen der Registrierung von Nutzern gemachten Angaben werden nicht an Dritte weitergegeben.<\/li>\n<li>Wenn Sie unsere Seite verlassen, beispielsweise \u00fcber das Anklicken eventueller Bannerwerbung, und auf fremde Seiten gelangen, werden von Adressaten der angeklickten Zielseite so genannte Cookies gesetzt. F\u00fcr diese ist der Fachverlag rechtlich nicht verantwortlich. Zu der Benutzung solcher Cookies und der darauf gespeicherten Informationen durch unsere Werbepartner vergleichen Sie bitte deren Datenschutzerkl\u00e4rungen.<\/li>\n<li>Wir k\u00fcmmern uns um die Einhaltung der Datenschutzbestimmungen in allen Bereichen. Wenn Sie Fragen haben, k\u00f6nnen Sie sich auch direkt an uns wenden. Schreiben Sie an:<br \/>\nRechts- und Staatswissenschaftliche Vereinigung e. V.<br \/>\nCecilienallee 3<br \/>\n40474 D\u00fcsseldorf<\/li>\n<\/ol>\n<p><strong>Automatisch erfasste nicht personenbezogene Daten und Erzeugung von Cookies:<\/strong><\/p>\n<p>Wenn Sie auf unsere Website zugreifen, werden gelegentlich automatisch erzeugte Informationen gesammelt, die nicht einer bestimmten Person zugeordnet werden k\u00f6nnen (z.B. vermittels eines Internetbrowsers oder eines Betriebssystems; Domainnamen von Webseiten, von denen aus \u00fcber einen Weblink ein Zugriff erfolgt, aufgerufene Seiten). Wir verwenden diese Informationen, um den Auftritt unseren Webseiten st\u00e4ndig zu verbessern und zu aktualisieren sowie um die Attraktivit\u00e4t zu erh\u00f6hen.<\/p>\n<p>Wenn unsere Website besuchen, kann es sein, dass durch uns veranlasst Informationen in Form eines &#8222;Cookies&#8220; auf Ihrem Computer abgelegt werden. Cookies erlauben es uns unter anderem, eine Website Ihren W\u00fcnschen anzupassen oder nach erfolgtem Login Ihre Zugangsberechtigung f\u00fcr den gesch\u00fctzten Bereich zu speichern. Wenn Sie nicht w\u00fcnschen, dass wir Informationen \u00fcber Ihren Computer wieder erkennen, stellen Sie Ihren Internetbrowser bitte so ein, dass er Cookies von Ihrer Computerfestplatte l\u00f6scht, alle Cookies blockiert oder Sie warnt, bevor ein Cookie gespeichert wird. Um den vollen Funktionsumfang innerhalb des gesch\u00fctzten Bereiches nutzen zu k\u00f6nnen, werden Cookies vorausgesetzt. Die G\u00fcltigkeitsdauer der Cookies ist auf Ihren Besuch der Website beschr\u00e4nkt und endet bei den meisten Browsern sp\u00e4testens bei der Beendigung des Programms.<\/p>\n","protected":false},"excerpt":{"rendered":"<p>Rechts- und Staatswissenschaftliche Vereinigung e. V. Oberlandesgericht D\u00fcsseldorf Cecilienallee 3 40474 D\u00fcsseldorf Telefon: 0211 4971-322 Fax: 0211 4971-558 E-Mail: rswv@olg-duesseldorf.nrw.de Internet: www.rswv.de Der Verein mit Sitz in D\u00fcsseldorf und ist eingetragen beim Vereinsregister des AG D\u00fcsseldorf unter VR 3264. Verantwortlich &hellip; <a href=\"https:\/\/www.rswv.de\/?page_id=16\">Weiterlesen <span class=\"meta-nav\">&rarr;<\/span><\/a><\/p>\n","protected":false},"author":1,"featured_media":0,"parent":0,"menu_order":0,"comment_status":"closed","ping_status":"open","template":"","meta":{"footnotes":""},"class_list":["post-16","page","type-page","status-publish","hentry"],"_links":{"self":[{"href":"https:\/\/www.rswv.de\/index.php?rest_route=\/wp\/v2\/pages\/16","targetHints":{"allow":["GET"]}}],"collection":[{"href":"https:\/\/www.rswv.de\/index.php?rest_route=\/wp\/v2\/pages"}],"about":[{"href":"https:\/\/www.rswv.de\/index.php?rest_route=\/wp\/v2\/types\/page"}],"author":[{"embeddable":true,"href":"https:\/\/www.rswv.de\/index.php?rest_route=\/wp\/v2\/users\/1"}],"replies":[{"embeddable":true,"href":"https:\/\/www.rswv.de\/index.php?rest_route=%2Fwp%2Fv2%2Fcomments&post=16"}],"version-history":[{"count":33,"href":"https:\/\/www.rswv.de\/index.php?rest_route=\/wp\/v2\/pages\/16\/revisions"}],"predecessor-version":[{"id":466,"href":"https:\/\/www.rswv.de\/index.php?rest_route=\/wp\/v2\/pages\/16\/revisions\/466"}],"wp:attachment":[{"href":"https:\/\/www.rswv.de\/index.php?rest_route=%2Fwp%2Fv2%2Fmedia&parent=16"}],"curies":[{"name":"wp","href":"https:\/\/api.w.org\/{rel}","templated":true}]}}