{"id":147,"date":"2014-12-16T14:50:08","date_gmt":"2014-12-16T13:50:08","guid":{"rendered":"http:\/\/www.wp11222496.server-he.de\/?page_id=147"},"modified":"2019-09-26T11:18:42","modified_gmt":"2019-09-26T10:18:42","slug":"ehemalige-vorsitzende","status":"publish","type":"page","link":"https:\/\/www.rswv.de\/?page_id=147","title":{"rendered":"Ehemalige Vorsitzende"},"content":{"rendered":"<p>Ehemalige Vorsitzende<\/p>\n<p>In Dankbarkeit erinnert die Rechts- und Staatswissenschaftliche Vereinigung an ihre ehemaligen Vorsitzenden:<\/p>\n<p>Werner Baerns, Oberlandesgerichtspr\u00e4sident<br \/>\nDr. Hoberg, Vizepr\u00e4sident des Oberlandesgerichts D\u00fcsseldorf<br \/>\nDr. Gerhard Prost, Bundesbankdirektor und Landgerichtsdirektor a.D.<br \/>\nDr. Heinrich Wiesen, Pr\u00e4sident des Oberlandesgerichts D\u00fcsseldorf<br \/>\nDr. Klaus Bilda, Pr\u00e4sident des Oberlandesgerichts D\u00fcsseldorf<br \/>\nAnne-Jos\u00e9 Paulsen, Pr\u00e4sidentin des Oberlandesgerichts D\u00fcsseldorf<\/p>\n","protected":false},"excerpt":{"rendered":"<p>Ehemalige Vorsitzende In Dankbarkeit erinnert die Rechts- und Staatswissenschaftliche Vereinigung an ihre ehemaligen Vorsitzenden: Werner Baerns, Oberlandesgerichtspr\u00e4sident Dr. Hoberg, Vizepr\u00e4sident des Oberlandesgerichts D\u00fcsseldorf Dr. Gerhard Prost, Bundesbankdirektor und Landgerichtsdirektor a.D. Dr. Heinrich Wiesen, Pr\u00e4sident des Oberlandesgerichts D\u00fcsseldorf Dr. Klaus Bilda, &hellip; <a href=\"https:\/\/www.rswv.de\/?page_id=147\">Weiterlesen <span class=\"meta-nav\">&rarr;<\/span><\/a><\/p>\n","protected":false},"author":1,"featured_media":0,"parent":0,"menu_order":0,"comment_status":"closed","ping_status":"open","template":"","meta":{"footnotes":""},"class_list":["post-147","page","type-page","status-publish","hentry"],"_links":{"self":[{"href":"https:\/\/www.rswv.de\/index.php?rest_route=\/wp\/v2\/pages\/147","targetHints":{"allow":["GET"]}}],"collection":[{"href":"https:\/\/www.rswv.de\/index.php?rest_route=\/wp\/v2\/pages"}],"about":[{"href":"https:\/\/www.rswv.de\/index.php?rest_route=\/wp\/v2\/types\/page"}],"author":[{"embeddable":true,"href":"https:\/\/www.rswv.de\/index.php?rest_route=\/wp\/v2\/users\/1"}],"replies":[{"embeddable":true,"href":"https:\/\/www.rswv.de\/index.php?rest_route=%2Fwp%2Fv2%2Fcomments&post=147"}],"version-history":[{"count":8,"href":"https:\/\/www.rswv.de\/index.php?rest_route=\/wp\/v2\/pages\/147\/revisions"}],"predecessor-version":[{"id":392,"href":"https:\/\/www.rswv.de\/index.php?rest_route=\/wp\/v2\/pages\/147\/revisions\/392"}],"wp:attachment":[{"href":"https:\/\/www.rswv.de\/index.php?rest_route=%2Fwp%2Fv2%2Fmedia&parent=147"}],"curies":[{"name":"wp","href":"https:\/\/api.w.org\/{rel}","templated":true}]}}