{"id":145,"date":"2014-12-16T14:49:43","date_gmt":"2014-12-16T13:49:43","guid":{"rendered":"http:\/\/www.wp11222496.server-he.de\/?page_id=145"},"modified":"2023-08-01T12:07:00","modified_gmt":"2023-08-01T11:07:00","slug":"vorstand","status":"publish","type":"page","link":"https:\/\/www.rswv.de\/?page_id=145","title":{"rendered":"Vorstand"},"content":{"rendered":"<p>Vorsitzender: Dr. Werner Richter, Pr\u00e4sident des Oberlandesgerichts D\u00fcsseldorf<br \/>Stellvertretende Vorsitzende: Leonora Holling, Rechtsanwaltin und Pr\u00e4sidentin der Rechtsanwaltskammer D\u00fcsseldorf, Duisburg<br \/>Schriftf\u00fchrerin: Brigitte G\u00f6ttling, Pr\u00e4sidentin des Landesarbeitsgerichts D\u00fcsseldorf<br \/>Kassenverwalter: Dr. Klaus J. Wagner, Pr\u00e4sident des Finanzgerichts D\u00fcsseldorf<\/p>\n<p>Weitere Mitglieder des Vorstands:<br \/>Professor Dr. Jens Bormann, LL.M, Pr\u00e4sident der Bundesnotarkammer und Vizepr\u00e4sident der Rheinischen Notarkammer K\u00f6ln<br \/>Horst Bien, Generalstaatsanwalt<br \/>Professor Dr. Andreas Heusch, Pr\u00e4sident des Verwaltungsgerichts D\u00fcsseldorf<br \/>Dr. Martin Klein, Hauptgesch\u00e4ftsf\u00fchrer des Landkreistages NRW<br \/>Professorin Dr. Katharina Lugani, Dekanin der Juristischen Fakult\u00e4t der Heinrich-Heine-Universit\u00e4t D\u00fcsseldorf<\/p>\n<p>Rechnungspr\u00fcfer der Vereinigung sind:<br \/>Dr. Miernik<br \/>Dr. Wehler<\/p>\n\n\n<p><\/p>\n","protected":false},"excerpt":{"rendered":"<p>Vorsitzender: Dr. Werner Richter, Pr\u00e4sident des Oberlandesgerichts D\u00fcsseldorfStellvertretende Vorsitzende: Leonora Holling, Rechtsanwaltin und Pr\u00e4sidentin der Rechtsanwaltskammer D\u00fcsseldorf, DuisburgSchriftf\u00fchrerin: Brigitte G\u00f6ttling, Pr\u00e4sidentin des Landesarbeitsgerichts D\u00fcsseldorfKassenverwalter: Dr. Klaus J. Wagner, Pr\u00e4sident des Finanzgerichts D\u00fcsseldorf Weitere Mitglieder des Vorstands:Professor Dr. Jens Bormann, LL.M, &hellip; <a href=\"https:\/\/www.rswv.de\/?page_id=145\">Weiterlesen <span class=\"meta-nav\">&rarr;<\/span><\/a><\/p>\n","protected":false},"author":1,"featured_media":0,"parent":0,"menu_order":0,"comment_status":"closed","ping_status":"open","template":"","meta":{"footnotes":""},"class_list":["post-145","page","type-page","status-publish","hentry"],"_links":{"self":[{"href":"https:\/\/www.rswv.de\/index.php?rest_route=\/wp\/v2\/pages\/145","targetHints":{"allow":["GET"]}}],"collection":[{"href":"https:\/\/www.rswv.de\/index.php?rest_route=\/wp\/v2\/pages"}],"about":[{"href":"https:\/\/www.rswv.de\/index.php?rest_route=\/wp\/v2\/types\/page"}],"author":[{"embeddable":true,"href":"https:\/\/www.rswv.de\/index.php?rest_route=\/wp\/v2\/users\/1"}],"replies":[{"embeddable":true,"href":"https:\/\/www.rswv.de\/index.php?rest_route=%2Fwp%2Fv2%2Fcomments&post=145"}],"version-history":[{"count":17,"href":"https:\/\/www.rswv.de\/index.php?rest_route=\/wp\/v2\/pages\/145\/revisions"}],"predecessor-version":[{"id":460,"href":"https:\/\/www.rswv.de\/index.php?rest_route=\/wp\/v2\/pages\/145\/revisions\/460"}],"wp:attachment":[{"href":"https:\/\/www.rswv.de\/index.php?rest_route=%2Fwp%2Fv2%2Fmedia&parent=145"}],"curies":[{"name":"wp","href":"https:\/\/api.w.org\/{rel}","templated":true}]}}