{"id":106,"date":"2014-01-06T20:14:28","date_gmt":"2014-01-06T18:14:28","guid":{"rendered":"http:\/\/www.wp11222496.server-he.de\/?page_id=106"},"modified":"2015-01-06T15:16:05","modified_gmt":"2015-01-06T14:16:05","slug":"ueber-uns","status":"publish","type":"page","link":"https:\/\/www.rswv.de\/?page_id=106","title":{"rendered":"\u00dcber uns"},"content":{"rendered":"<p>Die rechts- und staatswissenschaftliche Vereinigung wurde am 25. M\u00e4rz 1949 in das Vereinsregister des AG D\u00fcsseldorf unter VR 3264 eingetragen.<\/p>\n<p><a href=\"http:\/\/www.rswv.de\/?page_id=14\" title=\"Mitglieder\">Mitglieder<\/a><br \/>\n<a href=\"http:\/\/www.rswv.de\/?page_id=145\" title=\"Vorstand\">Vorstand<\/a><br \/>\n<a href=\"http:\/\/www.rswv.de\/?page_id=142\" title=\"Satzung\">Satzung<\/a><br \/>\n<a href=\"http:\/\/www.rswv.de\/?page_id=147\" title=\"Ehemalige Vorsitzende\">Ehemalige Vorsitzende<\/a><\/p>\n","protected":false},"excerpt":{"rendered":"<p>Die rechts- und staatswissenschaftliche Vereinigung wurde am 25. M\u00e4rz 1949 in das Vereinsregister des AG D\u00fcsseldorf unter VR 3264 eingetragen. Mitglieder Vorstand Satzung Ehemalige Vorsitzende<\/p>\n","protected":false},"author":1,"featured_media":0,"parent":0,"menu_order":0,"comment_status":"closed","ping_status":"open","template":"","meta":{"footnotes":""},"class_list":["post-106","page","type-page","status-publish","hentry"],"_links":{"self":[{"href":"https:\/\/www.rswv.de\/index.php?rest_route=\/wp\/v2\/pages\/106","targetHints":{"allow":["GET"]}}],"collection":[{"href":"https:\/\/www.rswv.de\/index.php?rest_route=\/wp\/v2\/pages"}],"about":[{"href":"https:\/\/www.rswv.de\/index.php?rest_route=\/wp\/v2\/types\/page"}],"author":[{"embeddable":true,"href":"https:\/\/www.rswv.de\/index.php?rest_route=\/wp\/v2\/users\/1"}],"replies":[{"embeddable":true,"href":"https:\/\/www.rswv.de\/index.php?rest_route=%2Fwp%2Fv2%2Fcomments&post=106"}],"version-history":[{"count":6,"href":"https:\/\/www.rswv.de\/index.php?rest_route=\/wp\/v2\/pages\/106\/revisions"}],"predecessor-version":[{"id":290,"href":"https:\/\/www.rswv.de\/index.php?rest_route=\/wp\/v2\/pages\/106\/revisions\/290"}],"wp:attachment":[{"href":"https:\/\/www.rswv.de\/index.php?rest_route=%2Fwp%2Fv2%2Fmedia&parent=106"}],"curies":[{"name":"wp","href":"https:\/\/api.w.org\/{rel}","templated":true}]}}