{"id":83,"date":"2014-01-06T15:36:00","date_gmt":"2014-01-06T13:36:00","guid":{"rendered":"http:\/\/www.wp11222496.server-he.de\/?page_id=83"},"modified":"2024-10-28T18:54:57","modified_gmt":"2024-10-28T17:54:57","slug":"aktuelle-ankuendigungen","status":"publish","type":"page","link":"http:\/\/www.rswv.de\/?page_id=83","title":{"rendered":"Aktuelle Ank\u00fcndigungen"},"content":{"rendered":"<p style=\"text-align: center;\">\u00a0<\/p>\n<p style=\"text-align: left;\">Die Rechts- und Staatswissenschaftliche Vereinigung e.V. l\u00e4dt alle Mitglieder ein zur\u00a0\u00a0<\/p>\n<p style=\"text-align: center;\">\u00a0<strong>Mitgliederversammlung,<\/strong><\/p>\n<p style=\"text-align: center;\"><strong>am Mittwoch, 11. Dezember 2024, 18:00 Uhr <br \/><\/strong><strong>im Oberlandesgericht D\u00fcsseldorf, Saal A 215 (2. Etage)<\/strong>,<\/p>\n<p style=\"text-align: center;\">mit folgender Tagesordnung:<\/p>\n<ol>\n<li>Begr\u00fc\u00dfung<\/li>\n<li>Bericht des Schatzmeisters<\/li>\n<li>Bericht der Rechnungspr\u00fcfer<\/li>\n<li>Entlastung des Vorstand<\/li>\n<li>Verschiedenes<\/li>\n<\/ol>\n<p>Nach der Mitgliederversammlung\u00a0 findet <strong>um 19:00 im Plenarsaal<\/strong> eine\u00a0\u00a0<\/p>\n<p style=\"text-align: center;\"><strong>Vortragsveranstaltung<\/strong><\/p>\n<p>statt, zu der herzlich eingeladen wird. statt. Der Vortrag ist \u00f6ffentlich. Als Referentin konnten wir\u00a0 die<\/p>\n<p style=\"text-align: center;\"><strong>Pr\u00e4sidentin\u00a0 des Bundesarbeitsgerichts Frau Inken Gallner <\/strong><\/p>\n<p>gewinnen. Der Titel ihres Vortrags ist:<\/p>\n<p style=\"text-align: center;\"><strong>Idee Europa \u2013 ein Friedensprojekt \u2013<br \/><\/strong><strong>aus politischer, geschichtlicher und rechtlicher Sicht<\/strong><\/p>\n<p>\u00dcber eine rege Teilnahme, auch an der anschlie\u00dfenden Diskussion zu diesem Thema, w\u00fcrden wir uns sehr freuen. Der Abend klingt sodann mit einem kleinen Umtrunk aus.<\/p>\n<p>Ihre Zusage bitten wir bis zum <strong>1. Dezember 2024<\/strong> telefonisch (0211-4971-322) oder per E-Mail an <a href=\"mailto:rswv@olg-duesseldorf.nrw.de\">rswv@olg-duesseldorf.nrw.de<\/a> mitzuteilen.<\/p>\n<p style=\"text-align: left;\">\u00a0<\/p>\n<p style=\"text-align: center;\">\u00a0<\/p>\n\n\n<p><\/p>\n","protected":false},"excerpt":{"rendered":"<p>\u00a0 Die Rechts- und Staatswissenschaftliche Vereinigung e.V. l\u00e4dt alle Mitglieder ein zur\u00a0\u00a0 \u00a0Mitgliederversammlung, am Mittwoch, 11. Dezember 2024, 18:00 Uhr im Oberlandesgericht D\u00fcsseldorf, Saal A 215 (2. Etage), mit folgender Tagesordnung: Begr\u00fc\u00dfung Bericht des Schatzmeisters Bericht der Rechnungspr\u00fcfer Entlastung des &hellip; <a href=\"http:\/\/www.rswv.de\/?page_id=83\">Weiterlesen <span class=\"meta-nav\">&rarr;<\/span><\/a><\/p>\n","protected":false},"author":1,"featured_media":0,"parent":0,"menu_order":0,"comment_status":"closed","ping_status":"open","template":"","meta":{"footnotes":""},"class_list":["post-83","page","type-page","status-publish","hentry"],"_links":{"self":[{"href":"http:\/\/www.rswv.de\/index.php?rest_route=\/wp\/v2\/pages\/83","targetHints":{"allow":["GET"]}}],"collection":[{"href":"http:\/\/www.rswv.de\/index.php?rest_route=\/wp\/v2\/pages"}],"about":[{"href":"http:\/\/www.rswv.de\/index.php?rest_route=\/wp\/v2\/types\/page"}],"author":[{"embeddable":true,"href":"http:\/\/www.rswv.de\/index.php?rest_route=\/wp\/v2\/users\/1"}],"replies":[{"embeddable":true,"href":"http:\/\/www.rswv.de\/index.php?rest_route=%2Fwp%2Fv2%2Fcomments&post=83"}],"version-history":[{"count":56,"href":"http:\/\/www.rswv.de\/index.php?rest_route=\/wp\/v2\/pages\/83\/revisions"}],"predecessor-version":[{"id":495,"href":"http:\/\/www.rswv.de\/index.php?rest_route=\/wp\/v2\/pages\/83\/revisions\/495"}],"wp:attachment":[{"href":"http:\/\/www.rswv.de\/index.php?rest_route=%2Fwp%2Fv2%2Fmedia&parent=83"}],"curies":[{"name":"wp","href":"https:\/\/api.w.org\/{rel}","templated":true}]}}